{"id":296,"date":"2019-01-30T21:40:56","date_gmt":"2019-01-30T14:40:56","guid":{"rendered":"https:\/\/demo.qkthemes.net\/triptip\/?page_id=296"},"modified":"2025-10-03T19:51:08","modified_gmt":"2025-10-03T19:51:08","slug":"home-4","status":"publish","type":"page","link":"https:\/\/www.commercemtlnord.ca\/monselet\/","title":{"rendered":"Monselet Montr\u00e9al-Nord"},"content":{"rendered":"\n<div style=\"height:75px\" aria-hidden=\"true\" class=\"wp-block-spacer\"><\/div>\n\n\n<h1 style=\"text-align: center\">R\u00e9pertoire<\/h1>\n<p style=\"text-align: center\"><span style=\"color: #283273\">Les <strong>commer\u00e7ants de la rue Monselet<\/strong> vous souhaitent la bienvenue sur leur art\u00e8re!<\/span><\/p>\n\n\n<div style=\"height:65px\" aria-hidden=\"true\" class=\"wp-block-spacer\"><\/div>\n\n\n<div class=\"row p-0 m-0 justify-content-center d-lg-none\"><div class=\"col-12 col-sm-4 col-md-3 text-left text-sm-center p-0 category-home-container\"><a href=\"https:\/\/www.commercemtlnord.ca\/monselet\/listing-category\/alimentation\/\" class=\"row d-flex align-items-center\"><div class=\"col-4 col-sm-12 px-4\"><img decoding=\"async\" src=\"https:\/\/www.commercemtlnord.ca\/monselet\/wp-content\/uploads\/sites\/5\/2021\/08\/alimentation-petit.svg\" class=\"img-fluid w-100\" \/><\/div><div class=\"col-8 col-sm-12 px-3 text-uppercase\">Alimentation<\/div><\/a><\/div><div class=\"col-12 col-sm-4 col-md-3 text-left text-sm-center p-0 category-home-container\"><a href=\"https:\/\/www.commercemtlnord.ca\/monselet\/listing-category\/automobile\/\" class=\"row d-flex align-items-center\"><div class=\"col-4 col-sm-12 px-4\"><img decoding=\"async\" src=\"https:\/\/www.commercemtlnord.ca\/monselet\/wp-content\/uploads\/sites\/5\/2021\/08\/auto-petit.svg\" class=\"img-fluid w-100\" \/><\/div><div class=\"col-8 col-sm-12 px-3 text-uppercase\">Automobile<\/div><\/a><\/div><div class=\"col-12 col-sm-4 col-md-3 text-left text-sm-center p-0 category-home-container\"><a href=\"https:\/\/www.commercemtlnord.ca\/monselet\/listing-category\/beaute\/\" class=\"row d-flex align-items-center\"><div class=\"col-4 col-sm-12 px-4\"><img decoding=\"async\" src=\"https:\/\/www.commercemtlnord.ca\/monselet\/wp-content\/uploads\/sites\/5\/2021\/08\/bien-etre-petit.svg\" class=\"img-fluid w-100\" \/><\/div><div class=\"col-8 col-sm-12 px-3 text-uppercase\">Beaut\u00e9, bien-\u00eatre et loisirs<\/div><\/a><\/div><div class=\"col-12 col-sm-4 col-md-3 text-left text-sm-center p-0 category-home-container\"><a href=\"https:\/\/www.commercemtlnord.ca\/monselet\/listing-category\/magasinage\/\" class=\"row d-flex align-items-center\"><div class=\"col-4 col-sm-12 px-4\"><img decoding=\"async\" src=\"https:\/\/www.commercemtlnord.ca\/monselet\/wp-content\/uploads\/sites\/5\/2021\/08\/magasinage-petit.svg\" class=\"img-fluid w-100\" \/><\/div><div class=\"col-8 col-sm-12 px-3 text-uppercase\">Magasinage<\/div><\/a><\/div><div class=\"col-12 col-sm-4 col-md-3 text-left text-sm-center p-0 category-home-container\"><a href=\"https:\/\/www.commercemtlnord.ca\/monselet\/listing-category\/restaurant-et-bar\/\" class=\"row d-flex align-items-center\"><div class=\"col-4 col-sm-12 px-4\"><img decoding=\"async\" src=\"https:\/\/www.commercemtlnord.ca\/monselet\/wp-content\/uploads\/sites\/5\/2021\/08\/resto-petit.svg\" class=\"img-fluid w-100\" \/><\/div><div class=\"col-8 col-sm-12 px-3 text-uppercase\">Restauration et bar<\/div><\/a><\/div><div class=\"col-12 col-sm-4 col-md-3 text-left text-sm-center p-0 category-home-container\"><a href=\"https:\/\/www.commercemtlnord.ca\/monselet\/listing-category\/sante\/\" class=\"row d-flex align-items-center\"><div class=\"col-4 col-sm-12 px-4\"><img decoding=\"async\" src=\"https:\/\/www.commercemtlnord.ca\/monselet\/wp-content\/uploads\/sites\/5\/2021\/08\/sante-petit.svg\" class=\"img-fluid w-100\" \/><\/div><div class=\"col-8 col-sm-12 px-3 text-uppercase\">Sant\u00e9<\/div><\/a><\/div><div class=\"col-12 col-sm-4 col-md-3 text-left text-sm-center p-0 category-home-container\"><a href=\"https:\/\/www.commercemtlnord.ca\/monselet\/listing-category\/services-divers\/\" class=\"row d-flex align-items-center\"><div class=\"col-4 col-sm-12 px-4\"><img decoding=\"async\" src=\"https:\/\/www.commercemtlnord.ca\/monselet\/wp-content\/uploads\/sites\/5\/2021\/08\/divers-petit.svg\" class=\"img-fluid w-100\" \/><\/div><div class=\"col-8 col-sm-12 px-3 text-uppercase\">Services divers et organismes<\/div><\/a><\/div><div class=\"col-12 col-sm-4 col-md-3 text-left text-sm-center p-0 category-home-container\"><a href=\"https:\/\/www.commercemtlnord.ca\/monselet\/listing-category\/services-professionnels\/\" class=\"row d-flex align-items-center\"><div class=\"col-4 col-sm-12 px-4\"><img decoding=\"async\" src=\"https:\/\/www.commercemtlnord.ca\/monselet\/wp-content\/uploads\/sites\/5\/2021\/08\/pro-petit.svg\" class=\"img-fluid w-100\" \/><\/div><div class=\"col-8 col-sm-12 px-3 text-uppercase\">Services professionnels<\/div><\/a><\/div><\/div><div class=\"row p-0 m-0 justify-content-center d-none d-lg-flex px-5 mx-5\"><div class=\"col text-center p-0 category-home-container\"><a href=\"https:\/\/www.commercemtlnord.ca\/monselet\/listing-category\/alimentation\/\" class=\"row d-flex align-items-center\"><div class=\"col-12 px-4\"><img decoding=\"async\" src=\"https:\/\/www.commercemtlnord.ca\/monselet\/wp-content\/uploads\/sites\/5\/2021\/08\/alimentation-petit.svg\" class=\"img-fluid w-100\" \/><\/div><div class=\"col-12 px-3 text-uppercase\">Alimentation<\/div><\/a><\/div><div class=\"col text-center p-0 category-home-container\"><a href=\"https:\/\/www.commercemtlnord.ca\/monselet\/listing-category\/automobile\/\" class=\"row d-flex align-items-center\"><div class=\"col-12 px-4\"><img decoding=\"async\" src=\"https:\/\/www.commercemtlnord.ca\/monselet\/wp-content\/uploads\/sites\/5\/2021\/08\/auto-petit.svg\" class=\"img-fluid w-100\" \/><\/div><div class=\"col-12 px-3 text-uppercase\">Automobile<\/div><\/a><\/div><div class=\"col text-center p-0 category-home-container\"><a href=\"https:\/\/www.commercemtlnord.ca\/monselet\/listing-category\/beaute\/\" class=\"row d-flex align-items-center\"><div class=\"col-12 px-4\"><img decoding=\"async\" src=\"https:\/\/www.commercemtlnord.ca\/monselet\/wp-content\/uploads\/sites\/5\/2021\/08\/bien-etre-petit.svg\" class=\"img-fluid w-100\" \/><\/div><div class=\"col-12 px-3 text-uppercase\">Beaut\u00e9, bien-\u00eatre et loisirs<\/div><\/a><\/div><div class=\"col text-center p-0 category-home-container\"><a href=\"https:\/\/www.commercemtlnord.ca\/monselet\/listing-category\/magasinage\/\" class=\"row d-flex align-items-center\"><div class=\"col-12 px-4\"><img decoding=\"async\" src=\"https:\/\/www.commercemtlnord.ca\/monselet\/wp-content\/uploads\/sites\/5\/2021\/08\/magasinage-petit.svg\" class=\"img-fluid w-100\" \/><\/div><div class=\"col-12 px-3 text-uppercase\">Magasinage<\/div><\/a><\/div><div class=\"col text-center p-0 category-home-container\"><a href=\"https:\/\/www.commercemtlnord.ca\/monselet\/listing-category\/restaurant-et-bar\/\" class=\"row d-flex align-items-center\"><div class=\"col-12 px-4\"><img decoding=\"async\" src=\"https:\/\/www.commercemtlnord.ca\/monselet\/wp-content\/uploads\/sites\/5\/2021\/08\/resto-petit.svg\" class=\"img-fluid w-100\" \/><\/div><div class=\"col-12 px-3 text-uppercase\">Restauration et bar<\/div><\/a><\/div><div class=\"col text-center p-0 category-home-container\"><a href=\"https:\/\/www.commercemtlnord.ca\/monselet\/listing-category\/sante\/\" class=\"row d-flex align-items-center\"><div class=\"col-12 px-4\"><img decoding=\"async\" src=\"https:\/\/www.commercemtlnord.ca\/monselet\/wp-content\/uploads\/sites\/5\/2021\/08\/sante-petit.svg\" class=\"img-fluid w-100\" \/><\/div><div class=\"col-12 px-3 text-uppercase\">Sant\u00e9<\/div><\/a><\/div><div class=\"col text-center p-0 category-home-container\"><a href=\"https:\/\/www.commercemtlnord.ca\/monselet\/listing-category\/services-divers\/\" class=\"row d-flex align-items-center\"><div class=\"col-12 px-4\"><img decoding=\"async\" src=\"https:\/\/www.commercemtlnord.ca\/monselet\/wp-content\/uploads\/sites\/5\/2021\/08\/divers-petit.svg\" class=\"img-fluid w-100\" \/><\/div><div class=\"col-12 px-3 text-uppercase\">Services divers et organismes<\/div><\/a><\/div><div class=\"col text-center p-0 category-home-container\"><a href=\"https:\/\/www.commercemtlnord.ca\/monselet\/listing-category\/services-professionnels\/\" class=\"row d-flex align-items-center\"><div class=\"col-12 px-4\"><img decoding=\"async\" src=\"https:\/\/www.commercemtlnord.ca\/monselet\/wp-content\/uploads\/sites\/5\/2021\/08\/pro-petit.svg\" class=\"img-fluid w-100\" \/><\/div><div class=\"col-12 px-3 text-uppercase\">Services professionnels<\/div><\/a><\/div><\/div>\n\n\n\n<div style=\"height:90px\" aria-hidden=\"true\" class=\"wp-block-spacer\"><\/div>\n\n\n\n<figure class=\"wp-block-gallery aligncenter has-nested-images columns-default is-cropped wp-block-gallery-1 is-layout-flex wp-block-gallery-is-layout-flex\">\n<figure class=\"wp-block-image size-full\"><img loading=\"lazy\" decoding=\"async\" width=\"800\" height=\"208\" data-id=\"2789\" src=\"https:\/\/www.commercemtlnord.ca\/monselet\/wp-content\/uploads\/sites\/5\/2025\/10\/Boite_a_rideaux.jpg\" alt=\"\" class=\"wp-image-2789\" srcset=\"https:\/\/www.commercemtlnord.ca\/monselet\/wp-content\/uploads\/sites\/5\/2025\/10\/Boite_a_rideaux.jpg 800w, https:\/\/www.commercemtlnord.ca\/monselet\/wp-content\/uploads\/sites\/5\/2025\/10\/Boite_a_rideaux-300x78.jpg 300w, https:\/\/www.commercemtlnord.ca\/monselet\/wp-content\/uploads\/sites\/5\/2025\/10\/Boite_a_rideaux-768x200.jpg 768w\" sizes=\"auto, (max-width: 800px) 100vw, 800px\" \/><\/figure>\n<\/figure>\n\n\n\n<figure class=\"wp-block-embed is-type-video is-provider-youtube wp-block-embed-youtube wp-embed-aspect-16-9 wp-has-aspect-ratio\"><div class=\"wp-block-embed__wrapper\">\n<iframe loading=\"lazy\" title=\"La bo\u00eete \u00e0 rideaux\" width=\"640\" height=\"360\" src=\"https:\/\/www.youtube.com\/embed\/hMAFxfXOcXQ?feature=oembed\" frameborder=\"0\" allow=\"accelerometer; autoplay; clipboard-write; encrypted-media; gyroscope; picture-in-picture; web-share\" referrerpolicy=\"strict-origin-when-cross-origin\" allowfullscreen><\/iframe>\n<\/div><\/figure>\n","protected":false},"excerpt":{"rendered":"<p>R\u00e9pertoire Les commer\u00e7ants de la rue Monselet vous souhaitent la bienvenue sur leur art\u00e8re!<\/p>\n","protected":false},"author":1,"featured_media":0,"parent":0,"menu_order":0,"comment_status":"closed","ping_status":"closed","template":"page-sidebar-none.php","meta":{"inline_featured_image":false,"footnotes":""},"class_list":["post-296","page","type-page","status-publish","hentry"],"_links":{"self":[{"href":"https:\/\/www.commercemtlnord.ca\/monselet\/wp-json\/wp\/v2\/pages\/296","targetHints":{"allow":["GET"]}}],"collection":[{"href":"https:\/\/www.commercemtlnord.ca\/monselet\/wp-json\/wp\/v2\/pages"}],"about":[{"href":"https:\/\/www.commercemtlnord.ca\/monselet\/wp-json\/wp\/v2\/types\/page"}],"author":[{"embeddable":true,"href":"https:\/\/www.commercemtlnord.ca\/monselet\/wp-json\/wp\/v2\/users\/1"}],"replies":[{"embeddable":true,"href":"https:\/\/www.commercemtlnord.ca\/monselet\/wp-json\/wp\/v2\/comments?post=296"}],"version-history":[{"count":93,"href":"https:\/\/www.commercemtlnord.ca\/monselet\/wp-json\/wp\/v2\/pages\/296\/revisions"}],"predecessor-version":[{"id":2791,"href":"https:\/\/www.commercemtlnord.ca\/monselet\/wp-json\/wp\/v2\/pages\/296\/revisions\/2791"}],"wp:attachment":[{"href":"https:\/\/www.commercemtlnord.ca\/monselet\/wp-json\/wp\/v2\/media?parent=296"}],"curies":[{"name":"wp","href":"https:\/\/api.w.org\/{rel}","templated":true}]}}