{"id":1395,"date":"2019-11-15T18:55:52","date_gmt":"2019-11-15T18:55:52","guid":{"rendered":"https:\/\/www.commercemtlnord.ca\/pie-ix\/?page_id=1395"},"modified":"2024-11-22T16:45:04","modified_gmt":"2024-11-22T16:45:04","slug":"investir","status":"publish","type":"page","link":"https:\/\/www.commercemtlnord.ca\/monselet\/investir\/","title":{"rendered":"Investir CDEC Montr\u00e9al-Nord, Monselet"},"content":{"rendered":"\n<figure class=\"wp-block-image size-full\"><img loading=\"lazy\" decoding=\"async\" width=\"1428\" height=\"579\" src=\"https:\/\/www.commercemtlnord.ca\/monselet\/wp-content\/uploads\/sites\/5\/2019\/12\/photo_3-1.jpg\" alt=\"\" class=\"wp-image-2298\" srcset=\"https:\/\/www.commercemtlnord.ca\/monselet\/wp-content\/uploads\/sites\/5\/2019\/12\/photo_3-1.jpg 1428w, https:\/\/www.commercemtlnord.ca\/monselet\/wp-content\/uploads\/sites\/5\/2019\/12\/photo_3-1-300x122.jpg 300w, https:\/\/www.commercemtlnord.ca\/monselet\/wp-content\/uploads\/sites\/5\/2019\/12\/photo_3-1-768x311.jpg 768w, https:\/\/www.commercemtlnord.ca\/monselet\/wp-content\/uploads\/sites\/5\/2019\/12\/photo_3-1-1024x415.jpg 1024w\" sizes=\"auto, (max-width: 1428px) 100vw, 1428px\" \/><\/figure>\n\n\n\n<div style=\"height:48px\" aria-hidden=\"true\" class=\"wp-block-spacer\"><\/div>\n\n\n\n<div class=\"wp-block-columns is-layout-flex wp-container-core-columns-is-layout-9d6595d7 wp-block-columns-is-layout-flex\">\n<div class=\"wp-block-column is-layout-flow wp-block-column-is-layout-flow\" style=\"flex-basis:10%\"><\/div>\n\n\n\n<div class=\"wp-block-column is-layout-flow wp-block-column-is-layout-flow\" style=\"flex-basis:80%\">\n<h2><span style=\"color: #c34542\">Le P\u00f4le<br \/><\/span><\/h2>\n<p><strong>Le P\u00f4le<\/strong> agit, en concertation avec le milieu d&rsquo;affaires, institutionnel et communautaire, pour assurer un d\u00e9veloppement \u00e9conomique r\u00e9pondant ad\u00e9quatement aux besoins socio-\u00e9conomiques des r\u00e9sidents.es du territoire nord-montr\u00e9alais. Il travaille notamment aupr\u00e8s des acteurs en pr\u00e9sence sur les art\u00e8res de proximit\u00e9 afin de concerter et de collectiviser ce d\u00e9veloppement.<\/p>\n<p>Pour consulter le site internet du P\u00f4le, veuillez cliquer sur le lien suivant : <a href=\"https:\/\/lepole.ca\/\">https:\/\/lepole.ca\/<\/a><\/p>\n<p>Pour contacter un.e agent.e de d\u00e9veloppement en revitalisation commerciale, veuillez contacter :<\/p>\n\n\n\n<div class=\"wp-block-columns is-layout-flex wp-container-core-columns-is-layout-9d6595d7 wp-block-columns-is-layout-flex\">\n<div class=\"wp-block-column is-layout-flow wp-block-column-is-layout-flow\" style=\"flex-basis:30%\">\n<p><b>Tania Berganza<\/b><br \/>438 521-1765\u00a0<br \/><a href=\"mailto:vpoulette@cdecmtlnord.ca\">tberganza@lepole.ca<\/a><\/p>\n<\/div>\n\n\n\n<div class=\"wp-block-column is-layout-flow wp-block-column-is-layout-flow\" style=\"flex-basis:30%\"><\/div>\n\n\n\n<div class=\"wp-block-column is-layout-flow wp-block-column-is-layout-flow\" style=\"flex-basis:40%\"><\/div>\n<\/div>\n\n\n\n<h2><span style=\"color: #c34542\">Arrondissement de Montr\u00e9al-Nord<\/span><\/h2>\n<p dir=\"ltr\">Le commissaire au d\u00e9veloppement \u00e9conomique, avec l\u2019implication des diff\u00e9rentes \u00e9quipes de l\u2019arrondissement et de son r\u00e9seau de partenaires, a pour objectif d\u2019accompagner et de soutenir les gens d\u2019affaires dans la r\u00e9alisation et la concr\u00e9tisation de leurs projets sur le territoire.<\/p>\n<p dir=\"ltr\">Pour plus d\u2019information contactez :<\/p>\n<p><b>M. Ludovic Ngaroussabaye<\/b><br \/>commissaire au d\u00e9veloppement \u00e9conomique<br \/>514 328-4000, poste 4178<br \/>514 243-5895 (cellulaire)<br \/><a href=\"mailto:charles.morisset@ville.montreal.qc.ca\" target=\"_blank\" rel=\"noopener noreferrer\">ludovic.ngaroussabaye@montreal.ca<\/a><\/p>\n<h2><span style=\"color: #c34542\">Locaux Vacants<\/span><\/h2>\n<p>Vous \u00eates \u00e0 la recherche d\u2019un local pour d\u00e9velopper votre entreprise?<\/p>\n<p>La rue Monselet vous offre l\u2019environnement id\u00e9al pour d\u00e9velopper votre entreprise. Cette art\u00e8re commerciale dynamique dispose de plusieurs opportunit\u00e9s commerciales \u00e0 combler, saisissez cette occasion d\u2019investissement pour y implanter votre entreprise.<\/p>\n<p><b>Tania Berganza<br \/><\/b>\u200b438 521-1765\u00a0<br \/><a href=\"mailto:vpoulette@cdecmtlnord.ca\" target=\"_blank\" rel=\"noopener noreferrer\">tberganza@lepole.ca<\/a><\/p>\n<h2><span style=\"color: #c34542\">PME MTL Est-de-l&rsquo;\u00eele<\/span><\/h2>\n<p>\u200bPME MTL Est-de-l\u2019\u00eele offre des services d\u2019accompagnement, de financement et de formation des entrepreneurs.<\/p>\n<p>Consultez le site internet de PME MTL Est-de-l\u2019\u00eele en cliquant sur le lien suivant : <a href=\"https:\/\/pmemtl.com\/est\">https:\/\/pmemtl.com\/est<\/a><\/p>\n<p>PME MTL Est-de-l\u2019\u00eele sur Facebook : <a href=\"https:\/\/www.facebook.com\/PMEMTLEst\">https:\/\/www.facebook.com\/PMEMTLEst<\/a><\/p>\n<h2>\u00a0<\/h2>\n<\/div>\n\n\n\n<div class=\"wp-block-column is-layout-flow wp-block-column-is-layout-flow\" style=\"flex-basis:10%\"><\/div>\n<\/div>\n","protected":false},"excerpt":{"rendered":"<p>Le P\u00f4le Le P\u00f4le agit, en concertation avec le milieu d&rsquo;affaires, institutionnel et communautaire, pour assurer un d\u00e9veloppement \u00e9conomique r\u00e9pondant ad\u00e9quatement aux besoins socio-\u00e9conomiques des r\u00e9sidents.es du territoire nord-montr\u00e9alais. Il travaille notamment aupr\u00e8s des acteurs en pr\u00e9sence sur les art\u00e8res de proximit\u00e9 afin de concerter et de collectiviser ce d\u00e9veloppement. Pour consulter le site internet [&hellip;]<\/p>\n","protected":false},"author":1,"featured_media":0,"parent":0,"menu_order":0,"comment_status":"closed","ping_status":"closed","template":"page-sidebar-none.php","meta":{"inline_featured_image":false,"footnotes":""},"class_list":["post-1395","page","type-page","status-publish","hentry"],"_links":{"self":[{"href":"https:\/\/www.commercemtlnord.ca\/monselet\/wp-json\/wp\/v2\/pages\/1395","targetHints":{"allow":["GET"]}}],"collection":[{"href":"https:\/\/www.commercemtlnord.ca\/monselet\/wp-json\/wp\/v2\/pages"}],"about":[{"href":"https:\/\/www.commercemtlnord.ca\/monselet\/wp-json\/wp\/v2\/types\/page"}],"author":[{"embeddable":true,"href":"https:\/\/www.commercemtlnord.ca\/monselet\/wp-json\/wp\/v2\/users\/1"}],"replies":[{"embeddable":true,"href":"https:\/\/www.commercemtlnord.ca\/monselet\/wp-json\/wp\/v2\/comments?post=1395"}],"version-history":[{"count":37,"href":"https:\/\/www.commercemtlnord.ca\/monselet\/wp-json\/wp\/v2\/pages\/1395\/revisions"}],"predecessor-version":[{"id":2752,"href":"https:\/\/www.commercemtlnord.ca\/monselet\/wp-json\/wp\/v2\/pages\/1395\/revisions\/2752"}],"wp:attachment":[{"href":"https:\/\/www.commercemtlnord.ca\/monselet\/wp-json\/wp\/v2\/media?parent=1395"}],"curies":[{"name":"wp","href":"https:\/\/api.w.org\/{rel}","templated":true}]}}