{"id":357,"date":"2019-02-12T14:02:07","date_gmt":"2019-02-12T07:02:07","guid":{"rendered":"https:\/\/demo.qkthemes.net\/triptip\/?page_id=357"},"modified":"2024-01-25T19:49:04","modified_gmt":"2024-01-25T19:49:04","slug":"contact","status":"publish","type":"page","link":"https:\/\/www.commercemtlnord.ca\/fleury\/contact\/","title":{"rendered":"Contact rue Fleury"},"content":{"rendered":"\n<div class=\"wp-block-image\"><figure class=\"aligncenter size-full\"><img loading=\"lazy\" decoding=\"async\" width=\"1625\" height=\"913\" src=\"https:\/\/www.commercemtlnord.ca\/fleury\/wp-content\/uploads\/sites\/4\/2021\/08\/Rue-Fleury-edited-1.jpg\" alt=\"Contact rue Fleury\" class=\"wp-image-2705\" srcset=\"https:\/\/www.commercemtlnord.ca\/fleury\/wp-content\/uploads\/sites\/4\/2021\/08\/Rue-Fleury-edited-1.jpg 1625w, https:\/\/www.commercemtlnord.ca\/fleury\/wp-content\/uploads\/sites\/4\/2021\/08\/Rue-Fleury-edited-1-300x169.jpg 300w, https:\/\/www.commercemtlnord.ca\/fleury\/wp-content\/uploads\/sites\/4\/2021\/08\/Rue-Fleury-edited-1-1024x575.jpg 1024w, https:\/\/www.commercemtlnord.ca\/fleury\/wp-content\/uploads\/sites\/4\/2021\/08\/Rue-Fleury-edited-1-768x431.jpg 768w, https:\/\/www.commercemtlnord.ca\/fleury\/wp-content\/uploads\/sites\/4\/2021\/08\/Rue-Fleury-edited-1-1536x863.jpg 1536w\" sizes=\"auto, (max-width: 1625px) 100vw, 1625px\" \/><\/figure><\/div>\n\n\n\n<div style=\"height:48px\" aria-hidden=\"true\" class=\"wp-block-spacer\"><\/div>\n\n\n\n<div class=\"wp-block-columns is-layout-flex wp-container-core-columns-is-layout-9d6595d7 wp-block-columns-is-layout-flex\">\n<div class=\"wp-block-column is-layout-flow wp-block-column-is-layout-flow\"><\/div>\n\n\n\n<div class=\"wp-block-column is-layout-flow wp-block-column-is-layout-flow\" style=\"flex-basis:40%\">\n<p style=\"text-align: center;\">\n<div class=\"wpcf7 no-js\" id=\"wpcf7-f4-o1\" lang=\"fr-CA\" dir=\"ltr\" data-wpcf7-id=\"4\">\n<div class=\"screen-reader-response\"><p role=\"status\" aria-live=\"polite\" aria-atomic=\"true\"><\/p> <ul><\/ul><\/div>\n<form action=\"\/fleury\/wp-json\/wp\/v2\/pages\/357#wpcf7-f4-o1\" method=\"post\" class=\"wpcf7-form init\" aria-label=\"Contact form\" novalidate=\"novalidate\" data-status=\"init\">\n<fieldset class=\"hidden-fields-container\"><input type=\"hidden\" name=\"_wpcf7\" value=\"4\" \/><input type=\"hidden\" name=\"_wpcf7_version\" value=\"6.1.2\" \/><input type=\"hidden\" name=\"_wpcf7_locale\" value=\"fr_CA\" \/><input type=\"hidden\" name=\"_wpcf7_unit_tag\" value=\"wpcf7-f4-o1\" \/><input type=\"hidden\" name=\"_wpcf7_container_post\" value=\"0\" \/><input type=\"hidden\" name=\"_wpcf7_posted_data_hash\" value=\"\" \/>\n<\/fieldset>\n<p><label> Votre Nom (requis)<br \/>\n<span class=\"wpcf7-form-control-wrap\" data-name=\"your-name\"><input size=\"40\" maxlength=\"400\" class=\"wpcf7-form-control wpcf7-text wpcf7-validates-as-required\" aria-required=\"true\" aria-invalid=\"false\" value=\"\" type=\"text\" name=\"your-name\" \/><\/span> <\/label>\n<\/p>\n<p><label> Votre courriel (requis)<br \/>\n<span class=\"wpcf7-form-control-wrap\" data-name=\"your-email\"><input size=\"40\" maxlength=\"400\" class=\"wpcf7-form-control wpcf7-email wpcf7-validates-as-required wpcf7-text wpcf7-validates-as-email\" aria-required=\"true\" aria-invalid=\"false\" value=\"\" type=\"email\" name=\"your-email\" \/><\/span> <\/label>\n<\/p>\n<p><label> Sujet<br \/>\n<span class=\"wpcf7-form-control-wrap\" data-name=\"your-subject\"><input size=\"40\" maxlength=\"400\" class=\"wpcf7-form-control wpcf7-text\" aria-invalid=\"false\" value=\"\" type=\"text\" name=\"your-subject\" \/><\/span> <\/label>\n<\/p>\n<p><label> Votre Message<br \/>\n<span class=\"wpcf7-form-control-wrap\" data-name=\"your-message\"><textarea cols=\"40\" rows=\"10\" maxlength=\"2000\" class=\"wpcf7-form-control wpcf7-textarea\" aria-invalid=\"false\" name=\"your-message\"><\/textarea><\/span> <\/label>\n<\/p>\n<p><input class=\"wpcf7-form-control wpcf7-submit has-spinner\" type=\"submit\" value=\"Envoyer\" \/>\n<\/p><div class=\"wpcf7-response-output\" aria-hidden=\"true\"><\/div>\n<\/form>\n<\/div>\n<\/p>\n<\/div>\n\n\n\n<div class=\"wp-block-column is-layout-flow wp-block-column-is-layout-flow\" style=\"flex-basis:40%\">\n<h5 style=\"color: #dd5269;\"><strong>Adresse<\/strong><\/h5>\n<p style=\"color: #282457;\"><span style=\"color: #000000;\"><strong>Le P\u00f4le<br \/><\/strong>11121 avenue Salk, Montr\u00e9al-Nord<\/span><br \/><span style=\"color: #000000;\">H1G 4Y3<\/span><\/p>\n<h5 style=\"color: #dd5269;\"><strong>T\u00e9l\u00e9phone<\/strong><\/h5>\n<p style=\"color: #282457;\"><span style=\"color: #000000;\">(438) 521-1765<\/span><\/p>\n<h5 style=\"color: #dd5269;\"><strong>Courriel<\/strong><\/h5>\n<p style=\"color: #dd5269;\"><a href=\"mailto:tberganza@lepole.ca\">tberganza@lepole.ca<\/a><\/p>\n<\/div>\n\n\n\n<div class=\"wp-block-column is-layout-flow wp-block-column-is-layout-flow\"><\/div>\n<\/div>\n","protected":false},"excerpt":{"rendered":"<p>Adresse Le P\u00f4le11121 avenue Salk, Montr\u00e9al-NordH1G 4Y3 T\u00e9l\u00e9phone (438) 521-1765 Courriel tberganza@lepole.ca<\/p>\n","protected":false},"author":1,"featured_media":0,"parent":0,"menu_order":0,"comment_status":"closed","ping_status":"closed","template":"page-sidebar-none.php","meta":{"inline_featured_image":false,"footnotes":""},"class_list":["post-357","page","type-page","status-publish","hentry"],"_links":{"self":[{"href":"https:\/\/www.commercemtlnord.ca\/fleury\/wp-json\/wp\/v2\/pages\/357","targetHints":{"allow":["GET"]}}],"collection":[{"href":"https:\/\/www.commercemtlnord.ca\/fleury\/wp-json\/wp\/v2\/pages"}],"about":[{"href":"https:\/\/www.commercemtlnord.ca\/fleury\/wp-json\/wp\/v2\/types\/page"}],"author":[{"embeddable":true,"href":"https:\/\/www.commercemtlnord.ca\/fleury\/wp-json\/wp\/v2\/users\/1"}],"replies":[{"embeddable":true,"href":"https:\/\/www.commercemtlnord.ca\/fleury\/wp-json\/wp\/v2\/comments?post=357"}],"version-history":[{"count":20,"href":"https:\/\/www.commercemtlnord.ca\/fleury\/wp-json\/wp\/v2\/pages\/357\/revisions"}],"predecessor-version":[{"id":2990,"href":"https:\/\/www.commercemtlnord.ca\/fleury\/wp-json\/wp\/v2\/pages\/357\/revisions\/2990"}],"wp:attachment":[{"href":"https:\/\/www.commercemtlnord.ca\/fleury\/wp-json\/wp\/v2\/media?parent=357"}],"curies":[{"name":"wp","href":"https:\/\/api.w.org\/{rel}","templated":true}]}}