{"id":2,"date":"2022-05-10T14:22:46","date_gmt":"2022-05-10T14:22:46","guid":{"rendered":"https:\/\/www.commercemtlnord.ca\/autres\/?page_id=2"},"modified":"2022-11-21T17:51:09","modified_gmt":"2022-11-21T17:51:09","slug":"autres-rues","status":"publish","type":"page","link":"https:\/\/www.commercemtlnord.ca\/autres\/","title":{"rendered":"Aussi \u00e0 Montr\u00e9al-Nord"},"content":{"rendered":"\n<div class=\"wp-block-image\"><figure class=\"aligncenter size-full\"><img loading=\"lazy\" decoding=\"async\" width=\"1920\" height=\"500\" src=\"https:\/\/www.commercemtlnord.ca\/autres\/wp-content\/uploads\/sites\/6\/2022\/05\/autres-rues_photo.jpg\" alt=\"\" class=\"wp-image-46\" srcset=\"https:\/\/www.commercemtlnord.ca\/autres\/wp-content\/uploads\/sites\/6\/2022\/05\/autres-rues_photo.jpg 1920w, https:\/\/www.commercemtlnord.ca\/autres\/wp-content\/uploads\/sites\/6\/2022\/05\/autres-rues_photo-300x78.jpg 300w, https:\/\/www.commercemtlnord.ca\/autres\/wp-content\/uploads\/sites\/6\/2022\/05\/autres-rues_photo-1024x267.jpg 1024w, https:\/\/www.commercemtlnord.ca\/autres\/wp-content\/uploads\/sites\/6\/2022\/05\/autres-rues_photo-768x200.jpg 768w, https:\/\/www.commercemtlnord.ca\/autres\/wp-content\/uploads\/sites\/6\/2022\/05\/autres-rues_photo-1536x400.jpg 1536w\" sizes=\"auto, (max-width: 1920px) 100vw, 1920px\" \/><\/figure><\/div>\n\n\n\n<div style=\"height:75px\" aria-hidden=\"true\" class=\"wp-block-spacer\"><\/div>\n\n\n<h1 class=\"has-text-align-center\"><span style=\"color: #52776e;\">R\u00e9pertoire<\/span><\/h1>\n\n\n<p class=\"has-text-align-center\"><span style=\"color: #749B75;\">Bienvenue sur le site des commer\u00e7ants de <strong>Aussi \u00e0 Montr\u00e9al-Nord<\/strong> !<\/span><br><span style=\"color: #749B75;\"> Consultez notre r\u00e9pertoire de commerce et suivez nos activit\u00e9s.<\/span><\/p>\n\n\n\n<div style=\"height:75px\" aria-hidden=\"true\" class=\"wp-block-spacer\"><\/div>\n\n\n<div class=\"row p-0 m-0 justify-content-center d-lg-none\"><div class=\"col-12 col-sm-4 col-md-3 text-left text-sm-center p-0 category-home-container\"><a href=\"https:\/\/www.commercemtlnord.ca\/autres\/listing-category\/alimentation\/\" class=\"row d-flex align-items-center\"><div class=\"col-4 col-sm-12 px-4\"><img decoding=\"async\" src=\"https:\/\/www.commercemtlnord.ca\/autres\/wp-content\/uploads\/sites\/6\/2022\/05\/alimentation.png\" class=\"img-fluid w-100\" \/><\/div><div class=\"col-8 col-sm-12 px-3 text-uppercase\">Alimentation<\/div><\/a><\/div><div class=\"col-12 col-sm-4 col-md-3 text-left text-sm-center p-0 category-home-container\"><a href=\"https:\/\/www.commercemtlnord.ca\/autres\/listing-category\/automobile\/\" class=\"row d-flex align-items-center\"><div class=\"col-4 col-sm-12 px-4\"><img decoding=\"async\" src=\"https:\/\/www.commercemtlnord.ca\/autres\/wp-content\/uploads\/sites\/6\/2022\/05\/auto.png\" class=\"img-fluid w-100\" \/><\/div><div class=\"col-8 col-sm-12 px-3 text-uppercase\">Automobile<\/div><\/a><\/div><div class=\"col-12 col-sm-4 col-md-3 text-left text-sm-center p-0 category-home-container\"><a href=\"https:\/\/www.commercemtlnord.ca\/autres\/listing-category\/beaute-bien-etre-et-loisirs\/\" class=\"row d-flex align-items-center\"><div class=\"col-4 col-sm-12 px-4\"><img decoding=\"async\" src=\"https:\/\/www.commercemtlnord.ca\/autres\/wp-content\/uploads\/sites\/6\/2022\/05\/beaute.png\" class=\"img-fluid w-100\" \/><\/div><div class=\"col-8 col-sm-12 px-3 text-uppercase\">Beaut\u00e9, bien-\u00eatre et loisirs<\/div><\/a><\/div><div class=\"col-12 col-sm-4 col-md-3 text-left text-sm-center p-0 category-home-container\"><a href=\"https:\/\/www.commercemtlnord.ca\/autres\/listing-category\/magasinage\/\" class=\"row d-flex align-items-center\"><div class=\"col-4 col-sm-12 px-4\"><img decoding=\"async\" src=\"https:\/\/www.commercemtlnord.ca\/autres\/wp-content\/uploads\/sites\/6\/2022\/05\/magasinage.png\" class=\"img-fluid w-100\" \/><\/div><div class=\"col-8 col-sm-12 px-3 text-uppercase\">Magasinage<\/div><\/a><\/div><div class=\"col-12 col-sm-4 col-md-3 text-left text-sm-center p-0 category-home-container\"><a href=\"https:\/\/www.commercemtlnord.ca\/autres\/listing-category\/restauration-et-bar\/\" class=\"row d-flex align-items-center\"><div class=\"col-4 col-sm-12 px-4\"><img decoding=\"async\" src=\"https:\/\/www.commercemtlnord.ca\/autres\/wp-content\/uploads\/sites\/6\/2022\/05\/resto.png\" class=\"img-fluid w-100\" \/><\/div><div class=\"col-8 col-sm-12 px-3 text-uppercase\">Restauration et bar<\/div><\/a><\/div><div class=\"col-12 col-sm-4 col-md-3 text-left text-sm-center p-0 category-home-container\"><a href=\"https:\/\/www.commercemtlnord.ca\/autres\/listing-category\/sante\/\" class=\"row d-flex align-items-center\"><div class=\"col-4 col-sm-12 px-4\"><img decoding=\"async\" src=\"https:\/\/www.commercemtlnord.ca\/autres\/wp-content\/uploads\/sites\/6\/2022\/05\/sante.png\" class=\"img-fluid w-100\" \/><\/div><div class=\"col-8 col-sm-12 px-3 text-uppercase\">Sant\u00e9<\/div><\/a><\/div><div class=\"col-12 col-sm-4 col-md-3 text-left text-sm-center p-0 category-home-container\"><a href=\"https:\/\/www.commercemtlnord.ca\/autres\/listing-category\/services-divers-et-organismes\/\" class=\"row d-flex align-items-center\"><div class=\"col-4 col-sm-12 px-4\"><img decoding=\"async\" src=\"https:\/\/www.commercemtlnord.ca\/autres\/wp-content\/uploads\/sites\/6\/2022\/05\/organisme.png\" class=\"img-fluid w-100\" \/><\/div><div class=\"col-8 col-sm-12 px-3 text-uppercase\">Services divers et organismes<\/div><\/a><\/div><div class=\"col-12 col-sm-4 col-md-3 text-left text-sm-center p-0 category-home-container\"><a href=\"https:\/\/www.commercemtlnord.ca\/autres\/listing-category\/services-professionnels\/\" class=\"row d-flex align-items-center\"><div class=\"col-4 col-sm-12 px-4\"><img decoding=\"async\" src=\"https:\/\/www.commercemtlnord.ca\/autres\/wp-content\/uploads\/sites\/6\/2022\/05\/service-pro.png\" class=\"img-fluid w-100\" \/><\/div><div class=\"col-8 col-sm-12 px-3 text-uppercase\">Services professionnels<\/div><\/a><\/div><\/div><div class=\"row p-0 m-0 justify-content-center d-none d-lg-flex px-5 mx-5\"><div class=\"col text-center p-0 category-home-container\"><a href=\"https:\/\/www.commercemtlnord.ca\/autres\/listing-category\/alimentation\/\" class=\"row d-flex align-items-center\"><div class=\"col-12 px-4\"><img decoding=\"async\" src=\"https:\/\/www.commercemtlnord.ca\/autres\/wp-content\/uploads\/sites\/6\/2022\/05\/alimentation.png\" class=\"img-fluid w-100\" \/><\/div><div class=\"col-12 px-3 text-uppercase\">Alimentation<\/div><\/a><\/div><div class=\"col text-center p-0 category-home-container\"><a href=\"https:\/\/www.commercemtlnord.ca\/autres\/listing-category\/automobile\/\" class=\"row d-flex align-items-center\"><div class=\"col-12 px-4\"><img decoding=\"async\" src=\"https:\/\/www.commercemtlnord.ca\/autres\/wp-content\/uploads\/sites\/6\/2022\/05\/auto.png\" class=\"img-fluid w-100\" \/><\/div><div class=\"col-12 px-3 text-uppercase\">Automobile<\/div><\/a><\/div><div class=\"col text-center p-0 category-home-container\"><a href=\"https:\/\/www.commercemtlnord.ca\/autres\/listing-category\/beaute-bien-etre-et-loisirs\/\" class=\"row d-flex align-items-center\"><div class=\"col-12 px-4\"><img decoding=\"async\" src=\"https:\/\/www.commercemtlnord.ca\/autres\/wp-content\/uploads\/sites\/6\/2022\/05\/beaute.png\" class=\"img-fluid w-100\" \/><\/div><div class=\"col-12 px-3 text-uppercase\">Beaut\u00e9, bien-\u00eatre et loisirs<\/div><\/a><\/div><div class=\"col text-center p-0 category-home-container\"><a href=\"https:\/\/www.commercemtlnord.ca\/autres\/listing-category\/magasinage\/\" class=\"row d-flex align-items-center\"><div class=\"col-12 px-4\"><img decoding=\"async\" src=\"https:\/\/www.commercemtlnord.ca\/autres\/wp-content\/uploads\/sites\/6\/2022\/05\/magasinage.png\" class=\"img-fluid w-100\" \/><\/div><div class=\"col-12 px-3 text-uppercase\">Magasinage<\/div><\/a><\/div><div class=\"col text-center p-0 category-home-container\"><a href=\"https:\/\/www.commercemtlnord.ca\/autres\/listing-category\/restauration-et-bar\/\" class=\"row d-flex align-items-center\"><div class=\"col-12 px-4\"><img decoding=\"async\" src=\"https:\/\/www.commercemtlnord.ca\/autres\/wp-content\/uploads\/sites\/6\/2022\/05\/resto.png\" class=\"img-fluid w-100\" \/><\/div><div class=\"col-12 px-3 text-uppercase\">Restauration et bar<\/div><\/a><\/div><div class=\"col text-center p-0 category-home-container\"><a href=\"https:\/\/www.commercemtlnord.ca\/autres\/listing-category\/sante\/\" class=\"row d-flex align-items-center\"><div class=\"col-12 px-4\"><img decoding=\"async\" src=\"https:\/\/www.commercemtlnord.ca\/autres\/wp-content\/uploads\/sites\/6\/2022\/05\/sante.png\" class=\"img-fluid w-100\" \/><\/div><div class=\"col-12 px-3 text-uppercase\">Sant\u00e9<\/div><\/a><\/div><div class=\"col text-center p-0 category-home-container\"><a href=\"https:\/\/www.commercemtlnord.ca\/autres\/listing-category\/services-divers-et-organismes\/\" class=\"row d-flex align-items-center\"><div class=\"col-12 px-4\"><img decoding=\"async\" src=\"https:\/\/www.commercemtlnord.ca\/autres\/wp-content\/uploads\/sites\/6\/2022\/05\/organisme.png\" class=\"img-fluid w-100\" \/><\/div><div class=\"col-12 px-3 text-uppercase\">Services divers et organismes<\/div><\/a><\/div><div class=\"col text-center p-0 category-home-container\"><a href=\"https:\/\/www.commercemtlnord.ca\/autres\/listing-category\/services-professionnels\/\" class=\"row d-flex align-items-center\"><div class=\"col-12 px-4\"><img decoding=\"async\" src=\"https:\/\/www.commercemtlnord.ca\/autres\/wp-content\/uploads\/sites\/6\/2022\/05\/service-pro.png\" class=\"img-fluid w-100\" \/><\/div><div class=\"col-12 px-3 text-uppercase\">Services professionnels<\/div><\/a><\/div><\/div>\n\n\n\n<div style=\"height:75px\" aria-hidden=\"true\" class=\"wp-block-spacer\"><\/div>\n\n\n\n<figure class=\"wp-block-embed is-type-video is-provider-youtube wp-block-embed-youtube wp-embed-aspect-16-9 wp-has-aspect-ratio\"><div class=\"wp-block-embed__wrapper\">\n<iframe loading=\"lazy\" title=\"Boucherie Fortin\" width=\"640\" height=\"360\" src=\"https:\/\/www.youtube.com\/embed\/4ed96w7ScJA?feature=oembed\" frameborder=\"0\" allow=\"accelerometer; autoplay; clipboard-write; encrypted-media; gyroscope; picture-in-picture; web-share\" referrerpolicy=\"strict-origin-when-cross-origin\" allowfullscreen><\/iframe>\n<\/div><\/figure>\n","protected":false},"excerpt":{"rendered":"<p>R\u00e9pertoire Bienvenue sur le site des commer\u00e7ants de Aussi \u00e0 Montr\u00e9al-Nord ! Consultez notre r\u00e9pertoire de commerce et suivez nos activit\u00e9s.<\/p>\n","protected":false},"author":2,"featured_media":0,"parent":0,"menu_order":1,"comment_status":"closed","ping_status":"closed","template":"page-sidebar-none.php","meta":{"inline_featured_image":false,"footnotes":""},"class_list":["post-2","page","type-page","status-publish","hentry"],"_links":{"self":[{"href":"https:\/\/www.commercemtlnord.ca\/autres\/wp-json\/wp\/v2\/pages\/2","targetHints":{"allow":["GET"]}}],"collection":[{"href":"https:\/\/www.commercemtlnord.ca\/autres\/wp-json\/wp\/v2\/pages"}],"about":[{"href":"https:\/\/www.commercemtlnord.ca\/autres\/wp-json\/wp\/v2\/types\/page"}],"author":[{"embeddable":true,"href":"https:\/\/www.commercemtlnord.ca\/autres\/wp-json\/wp\/v2\/users\/2"}],"replies":[{"embeddable":true,"href":"https:\/\/www.commercemtlnord.ca\/autres\/wp-json\/wp\/v2\/comments?post=2"}],"version-history":[{"count":16,"href":"https:\/\/www.commercemtlnord.ca\/autres\/wp-json\/wp\/v2\/pages\/2\/revisions"}],"predecessor-version":[{"id":137,"href":"https:\/\/www.commercemtlnord.ca\/autres\/wp-json\/wp\/v2\/pages\/2\/revisions\/137"}],"wp:attachment":[{"href":"https:\/\/www.commercemtlnord.ca\/autres\/wp-json\/wp\/v2\/media?parent=2"}],"curies":[{"name":"wp","href":"https:\/\/api.w.org\/{rel}","templated":true}]}}